{"id":225,"date":"2025-11-07T11:49:15","date_gmt":"2025-11-07T09:49:15","guid":{"rendered":"https:\/\/rahvusmeeskoor.ee\/avaleht\/"},"modified":"2026-02-22T15:03:20","modified_gmt":"2026-02-22T13:03:20","slug":"avaleht","status":"publish","type":"page","link":"https:\/\/rahvusmeeskoor.ee\/en\/","title":{"rendered":"The Estonian National Male Choir"},"content":{"rendered":"<div class=\"section section--slider\"><div class=\"slider-cont\"><div class=\"container\"><div class=\"slider\"><div class=\"front-carousel\"><div class=\"slide-item carousel-cell slide-item--no-url\" style=\"background-image:url(https:\/\/rahvusmeeskoor.ee\/wp-content\/uploads\/bis-images\/1514\/ermk-slaid-5-1278x570.png);\"><div class=\"slide-item-cell\"><h4 class=\"slide-item-title entry-title\"><\/h4><\/div><\/div><div class=\"slide-item carousel-cell slide-item--no-url\" style=\"background-image:url(https:\/\/rahvusmeeskoor.ee\/wp-content\/uploads\/bis-images\/91\/ermk-slaid-1-1278x570.png);\"><div class=\"slide-item-cell\"><h4 class=\"slide-item-title entry-title\"><\/h4><\/div><\/div><div class=\"slide-item carousel-cell slide-item--no-url\" style=\"background-image:url(https:\/\/rahvusmeeskoor.ee\/wp-content\/uploads\/bis-images\/505\/eesti-rahvusmeeskoor-slaid-2-ermk-slaid-2-1278x570.png);\"><div class=\"slide-item-cell\"><h4 class=\"slide-item-title entry-title\"><\/h4><\/div><\/div><div class=\"slide-item carousel-cell slide-item--no-url\" style=\"background-image:url(https:\/\/rahvusmeeskoor.ee\/wp-content\/uploads\/bis-images\/1237\/ermk-slaid-3-1278x570.png);\"><div class=\"slide-item-cell\"><h4 class=\"slide-item-title entry-title\"><\/h4><\/div><\/div><div class=\"slide-item carousel-cell slide-item--no-url\" style=\"background-image:url(https:\/\/rahvusmeeskoor.ee\/wp-content\/uploads\/bis-images\/1240\/ermk-slaid-4-1278x570.png);\"><div class=\"slide-item-cell\"><h4 class=\"slide-item-title entry-title\"><\/h4><\/div><\/div><\/div><\/div><\/div><\/div><\/div>\n\n\n<div style=\"height:42px\" aria-hidden=\"true\" class=\"wp-block-spacer\"><\/div>\n\n\n<div class=\"section section--blockquote container\"><div class=\"testimonials appearing animated fadeInUp ghost\"><div class=\"testimonials--slider\"><div class=\"testimonials-item\"><div class=\"testimonials-item-inner\"><blockquote class=\"blockquote\"><p>&#8220;This was a concert not without its momentary blemishes but, those aside, the unsurpassed music-making and considered programming made this challenging and demanding listen an impactful experience.&#8221;<\/p>\n<hr \/>\n<div class=\"blockquote-btm-row\"><div class=\"widget-user widget-user--lr\"><div class=\"widget-user-data\"><h6>Bachtrack.com<\/h6><h5>Leighton Jones, 05\/2023<\/h5><\/div><\/div><\/div><\/blockquote><\/div><\/div><div class=\"testimonials-item\"><div class=\"testimonials-item-inner\"><blockquote class=\"blockquote\"><p>\u201eRequiemin pelastajana on pidett\u00e4v\u00e4 46-j\u00e4senist\u00e4 Viron kansallista mieskuoroa, maailman ainoaa ammatimaista mieskuoroa. Sen tenoreista kalskahti huipenuksissa, Dies irae ja Rex tremendae-osissa niin ter\u00e4ksinen, kiinte\u00e4sti ja tarkasti iskev\u00e4 sointi, ettei paremmasta v\u00e4lia.\u201c<\/p>\n<hr \/>\n<div class=\"blockquote-btm-row\"><div class=\"widget-user widget-user--lr\"><div class=\"widget-user-data\"><h6>Helsingin Sanomat<\/h6><h5>04\/2026<\/h5><\/div><\/div><\/div><\/blockquote><\/div><\/div><div class=\"testimonials-item\"><div class=\"testimonials-item-inner\"><blockquote class=\"blockquote\"><p>\u201cMikk \u00dcleoja has shaped the National Male Choir into a top-league ensemble of virtually limitless vocal range and flexibility, whether the repertoire is Shostakovich, Strauss, Schubert, or Ernesaks.\u201d<\/p>\n<hr \/>\n<div class=\"blockquote-btm-row\"><div class=\"widget-user widget-user--lr\"><div class=\"widget-user-data\"><h6>Muusika<\/h6><h5>Marge-Ly Rook\u00e4\u00e4r, 12\/2023<\/h5><\/div><\/div><\/div><\/blockquote><\/div><\/div><div class=\"testimonials-item\"><div class=\"testimonials-item-inner\"><blockquote class=\"blockquote\"><p>\u201eA fascinating experience.\u201d<\/p>\n<hr \/>\n<div class=\"blockquote-btm-row\"><div class=\"widget-user widget-user--lr\"><div class=\"widget-user-data\"><h6>Fanfare<\/h6><h5>Colin Clarce, 01\/2026<\/h5><\/div><\/div><\/div><\/blockquote><\/div><\/div><div class=\"testimonials-item\"><div class=\"testimonials-item-inner\"><blockquote class=\"blockquote\"><p>\u201eThe performances are splendid, all serving as demonstration of the strong choral tradition in Estonia.\u201d<\/p>\n<hr \/>\n<div class=\"blockquote-btm-row\"><div class=\"widget-user widget-user--lr\"><div class=\"widget-user-data\"><h6>Fanfare<\/h6><h5>Henry Fogel, 01\/2026<\/h5><\/div><\/div><\/div><\/blockquote><\/div><\/div><div class=\"testimonials-item\"><div class=\"testimonials-item-inner\"><blockquote class=\"blockquote\"><p>\u201c\u2026I strongly recommend attending concerts by the Estonian National Male Choir \u2013 world-class audio care is guaranteed.\u201d<\/p>\n<hr \/>\n<div class=\"blockquote-btm-row\"><div class=\"widget-user widget-user--lr\"><div class=\"widget-user-data\"><h6>Muusika<\/h6><h5>Marge-Ly Rook\u00e4\u00e4r, 12\/2023<\/h5><\/div><\/div><\/div><\/blockquote><\/div><\/div><\/div><\/div><\/div>\n\n<div class=\"widget-concerts\"><div class=\"section-title\"><div class=\"container\"><h2 class=\"wp-block-heading\"><span class=\"wp-block-heading-text\"><a href=\"https:\/\/rahvusmeeskoor.ee\/en\/concerts\/\" class=\"wp-block-heading-link\">Concerts<\/a><\/span><\/h2><\/div><\/div><div class=\"container\"><div class=\"grid grid--2 concert-months concert-months--future\"><div class=\"grid-item concert-month\"><h2 class=\"grid-item-title concert-month-title\">May 2026<\/h2><ul class=\"concert-items\"><li id=\"d20ebe60ba8b54c0bc9c4ab4a35c8f33\" class=\"concert-item\" data-start=\"09.05.2026 19:00\" data-end=\"09.05.2026 19:00\"><a href=\"https:\/\/rahvusmeeskoor.ee\/en\/concerts\/emadepaevakontsert\/\" class=\"concert-item-inner\"><span class=\"dates\"><time>09.05.2026<\/time><\/span><img decoding=\"async\" src=\"https:\/\/rahvusmeeskoor.ee\/wp-content\/uploads\/bis-images\/1201\/ermk-emdep-kl-scaled-640x335-f50_50.png\" alt=\"Estonian National Male Choir Mother\u2019s Day Concert\" \/><\/a><\/li><\/ul><\/div><div class=\"grid-item concert-month\"><h2 class=\"grid-item-title concert-month-title\">June 2026<\/h2><ul class=\"concert-items\"><li id=\"e6438e27433d1e40282d5574b75b6455\" class=\"concert-item\" data-start=\"01.01.1970 00:00\" data-end=\"01.01.1970 00:00\"><a href=\"https:\/\/rahvusmeeskoor.ee\/en\/concerts\/koolikontsert-2\/\" class=\"concert-item-inner\"><span class=\"dates\"><time>01.06.2026<\/time><\/span><img decoding=\"async\" src=\"https:\/\/rahvusmeeskoor.ee\/wp-content\/uploads\/bis-images\/1381\/ermk-koolikontsert-r2pina-scaled-640x335-f50_50.png\" alt=\"School Concert. R\u00e4pina\" \/><\/a><\/li><\/ul><\/div><\/div><\/div><\/div>\n\n<div class=\"section section--text text\"><div class=\"container\"><div class=\"section-title\"><div class=\"container\"><h2 class=\"wp-block-heading\"><span class=\"wp-block-heading-text\"><a href=\"https:\/\/rahvusmeeskoor.ee\/en\/koor\/\" class=\"wp-block-heading-link\">Choir<\/a><\/span><\/h2><\/div><\/div><p><span style=\"font-weight: 400;\">Honoured with the Grammy Award (2004), the <\/span><b>Estonian National Male Choir<\/b><span style=\"font-weight: 400;\"> (ENMC) has made its way to one of the most unique musical collectives in the world.\u00a0<\/span><\/p>\n<p><span style=\"font-weight: 400;\">Over the course of eight decades, the choir has shaped Estonia\u2019s international reputation as a country with a deep choral heritage and been a leading advocate for the music of Estonian composers, most notably Veljo Tormis. The choir has given more than 7,000 concerts, ranging from Estonia to North America and Asia, and has performed under renowned conductors such as Paul Hillier, Eric Ericson, Kaspars Putni\u0146\u0161, Teodor Currentzis, and Kent Nagano, among others. <\/span><\/p>\n<p><span style=\"font-weight: 400;\">Under the chief conductor Mikk \u00dcleoja, the choir has become an active commissioner of new choral works and an initiator of distinctive collaborative projects. Each year, the Estonian National Male Choir gives about 60 concerts.<\/span><\/p>\n<\/div><\/div>\n\n\n<p><\/p>\n","protected":false},"excerpt":{"rendered":"","protected":false},"author":1,"featured_media":0,"parent":0,"menu_order":1,"comment_status":"closed","ping_status":"closed","template":"","meta":{"_acf_changed":false,"inline_featured_image":false,"footnotes":""},"class_list":["post-225","page","type-page","status-publish","hentry"],"acf":[],"_links":{"self":[{"href":"https:\/\/rahvusmeeskoor.ee\/en\/wp-json\/wp\/v2\/pages\/225","targetHints":{"allow":["GET"]}}],"collection":[{"href":"https:\/\/rahvusmeeskoor.ee\/en\/wp-json\/wp\/v2\/pages"}],"about":[{"href":"https:\/\/rahvusmeeskoor.ee\/en\/wp-json\/wp\/v2\/types\/page"}],"author":[{"embeddable":true,"href":"https:\/\/rahvusmeeskoor.ee\/en\/wp-json\/wp\/v2\/users\/1"}],"replies":[{"embeddable":true,"href":"https:\/\/rahvusmeeskoor.ee\/en\/wp-json\/wp\/v2\/comments?post=225"}],"version-history":[{"count":5,"href":"https:\/\/rahvusmeeskoor.ee\/en\/wp-json\/wp\/v2\/pages\/225\/revisions"}],"predecessor-version":[{"id":1505,"href":"https:\/\/rahvusmeeskoor.ee\/en\/wp-json\/wp\/v2\/pages\/225\/revisions\/1505"}],"wp:attachment":[{"href":"https:\/\/rahvusmeeskoor.ee\/en\/wp-json\/wp\/v2\/media?parent=225"}],"curies":[{"name":"wp","href":"https:\/\/api.w.org\/{rel}","templated":true}]}}