{"id":1130,"date":"2025-11-21T09:48:53","date_gmt":"2025-11-21T07:48:53","guid":{"rendered":"https:\/\/rahvusmeeskoor.ee\/?page_id=1130"},"modified":"2026-02-22T16:04:34","modified_gmt":"2026-02-22T14:04:34","slug":"repertoire","status":"publish","type":"page","link":"https:\/\/rahvusmeeskoor.ee\/en\/repertoire\/","title":{"rendered":"Repertoire"},"content":{"rendered":"<div class=\"section section--text text\"><div class=\"container\"><p data-start=\"0\" data-end=\"366\">The Estonian National Male Choir is a classical TTBB male choir. The Choir\u2019s core repertoire includes all major symphonic and oratorial works written for male choir and symphony orchestra, as well as works for large oratorial choir and symphony orchestra. A prominent place in the programming is held by the works of Veljo Tormis alongside with European classical male choir repertoire featuring instrumental and\/or vocal soloists.<\/p>\n<p data-start=\"0\" data-end=\"366\">Focused on expanding the classical male choir repertoire, the ENMC has commissioned and performed arrangements from Renaissance polychoral works to premieres of new works by living composers.<\/p>\n<p data-start=\"368\" data-end=\"768\" data-is-last-node=\"\" data-is-only-node=\"\">Occasionally, the Estonian National Male Choir also ventures into lighter genres, presenting crossover programmes for wider audiences in collaboration with Estonian folk and pop artists. Likewise, educational activities for younger generation are a substantial part of today&#8217;s Estonian National Male Choir.<\/p>\n<\/div><\/div>\n\n<div class=\"section section--text text\"><div class=\"container\"><h3>Works for male choir and symphony orchestra<\/h3>\n<p>D. Shostakovich \u2013 Symphony No. 13 Babi Yar 60\u2019<br \/>\nJ. Sibelius \u2013 Kullervo 72\u2019<br \/>\nI. Stravinsky \u2013 Oedipus Rex 55\u2019<br \/>\nA. Bruckner \u2013 Helgoland 14\u2019<br \/>\nL. Cherubini \u2013 Requiem 55\u2019<br \/>\nE. Tubin \u2013 Reekviem langenud s\u00f5duritele (Requiem for Fallen Soldiers) 33\u2019<br \/>\nV. Kapp \u2013 P\u00f5hjarannik (North Coast) 7\u2019<\/p>\n<h3>Works for mixed choir and symphony orchestra<\/h3>\n<p>W. A. Mozart \u2013 Requiem, KV 626<br \/>\nF. Mendelssohn-Bartholdy \u2013 Oratorio Elias<br \/>\nF. Mendelssohn-Bartholdy \u2013 Oratorio Paulus<br \/>\nJ. Brahms \u2013 Ein Deutsches Requiem, Op. 45<br \/>\nG. Mahler \u2013 Symphony No. 2<br \/>\nG. Mahler \u2013 Symphony No. 8<br \/>\nA. Sch\u00f6nberg \u2013 Gurre-Lieder<br \/>\nJ. Sibelius \u2013 Cantatas<br \/>\nD. Shostakovich \u2013 Cantatas<br \/>\nA. P\u00e4rt \u2013 Credo<br \/>\nA. P\u00e4rt \u2013 In Principio<br \/>\nR. Tobias \u2013 Oratorio Jonah\u2019s Mission<\/p>\n<h3>Works with organ (and additional instruments)<\/h3>\n<p>F. Liszt \u2013 Requiem 45\u2019 + solo quartet + 2 trumpets + 2 trombones + timpani<br \/>\nJ.-P. Leguay \u2013 Missa Laudamus Te 20\u2019<br \/>\nM. Durufl\u00e9 \u2013 Messe Cum Jubilo 18\u2019<br \/>\nL. V. Lopas \u2013 Te Deum 25\u2019 + brass + percussions<br \/>\nH. \u00d8degaard \u2013 Transeamus 27\u2019<br \/>\nV. Agopov \u2013 Da Pacem 8\u2019 + percussions<br \/>\nA. P\u00e4rt \u2013 De Profundis 7\u2019 + percussions<br \/>\nA. Lemba \u2013 Missa ca 30\u2019<br \/>\nR. Tobias \u2013 Otsekui hirv (As a Deer) 5\u201940<br \/>\nR. Tobias \u2013 Eks teie tea (Know Ye Not) 5\u201915<\/p>\n<h3 id=\"tw-target-text\" class=\"tw-data-text tw-text-large tw-ta\" dir=\"ltr\" tabindex=\"-1\" role=\"text\" data-placeholder=\"T\u00f5lge\" data-ved=\"2ahUKEwjc87uOxZWRAxXeDRAIHftGFpwQ3ewLegQICxAV\" aria-label=\"T\u00f5lgitud tekst: Repertuaar erinevate instrumentaalsaadetega\">Works with instrumental and\/or vocal soloists<\/h3>\n<p><span class=\"s1\">F. Mendelssohn \u2013 Vespergesang, Op. 121 10\u2019 + basso continuo<br \/>\n<\/span><span class=\"s1\">G. Grigorjeva \u2013 Bog Gospod 6\u2019 + violoncello<br \/>\n<\/span><span class=\"s1\">G. Grigorjeva \u2013 Molitva 12\u2019 + violoncello<br \/>\n<\/span><span class=\"s1\">H. \u00d8degaard \u2013 Dolor Matris ca 45\u2019 + mezzo solo + percussions<br \/>\n<\/span><span class=\"s1\">H. \u00d8degaard \u2013 Te Lucis Ante Terminum ca 40\u2019 + gregorian ensemble + percussions<br \/>\n<\/span><span class=\"s1\">T. Tulev \u2013 O Oriens 10\u201930 + contratenor or mezzo solo + woodwind + brass (10 players in total)<br \/>\n<\/span><span class=\"s1\">G. Bonato \u2013 Signum Magnum 11\u201930 + violoncello<br \/>\n<\/span><span class=\"s1\">G. Bonato \u2013 O Lilium Convallium 8\u201910 + 2 violoncelli<\/span><\/p>\n<h3 class=\"p1\"><span class=\"s1\"><b>Selection of a capella repertoire for male choir<\/b><\/span><\/h3>\n<p class=\"p1\"><span class=\"s1\"><b><i>Renaissance<br \/>\n<\/i><\/b><\/span><span class=\"s1\">Giovanni Gabrieli, arr. Aare Kruusim\u00e4e \u2013 Exaudi Deus 3\u201930<br \/>\n<\/span><span class=\"s1\">Giovanni Gabrieli, arr. Aare Kruusim\u00e4e \u2013 Regina Caeli 2\u2019<br \/>\n<\/span><span class=\"s1\">Giovanni Gabrieli, arr. Aare Kruusim\u00e4e \u2013 Maria Virgo &#8211; 3\u201940<br \/>\n<\/span><span class=\"s1\">Giovanni Gabrieli, arr. Aare Kruusim\u00e4e \u2013 Buccinate in Neomenia Tuba 3\u201930<\/span><\/p>\n<p class=\"p1\"><span class=\"s1\"><b><i>Romanticism<br \/>\n<\/i><\/b><\/span><span class=\"s1\">M. Reger \u2013 Sieben M\u00e4nnerch\u00f6re, Op. 38 19\u201930<br \/>\n<\/span><span class=\"s1\">M. Reger \u2013 Zehn Ges\u00e4nge f\u00fcr M\u00e4nnerchor, Op. 83 41\u2019<br \/>\n<\/span><span class=\"s1\">F. Poulenc \u2013 Quatre petites pri\u00e8res de Saint Francois d\u2019Assise, FP 142 6\u201930<br \/>\n<\/span><span class=\"s1\">F. Mendelssohn \u2013 Beati Mortui, Op. 115 2\u201950<br \/>\n<\/span><span class=\"s1\">F. Mendelssohn \u2013 Periti Autem, Op. 115 2\u2019<br \/>\n<\/span><span class=\"s1\">R. Strauss \u2013 Drei M\u00e4nnerch\u00f6re, Op. 45 9\u201930<br \/>\n<\/span><span class=\"s1\">H. Wolff \u2013 Drei Lieder f\u00fcr M\u00e4nnerchor, Op. 13<\/span><\/p>\n<p class=\"p1\"><span class=\"s1\"><b><i>20th Century<span class=\"Apple-converted-space\"><br \/>\n<\/span><\/i><\/b><\/span><span class=\"s1\">A. Sch\u00f6nberg \u2013 Sechs St\u00fccke f\u00fcr M\u00e4nnerchor, Op. 35<br \/>\n<\/span><span class=\"s1\">A. P\u00e4rt \u2013 Da Pacem 5\u2019<br \/>\n<\/span><span class=\"s1\">A. P\u00e4rt \u2013 And one of the Pharisees&#8230; 8\u2019<br \/>\nA. P\u00e4rt \u2013 <span style=\"font-weight: 400;\">The Deer\u2019s Cry<br \/>\nA. P\u00e4rt \u2013 Zwei Beter<br \/>\n<\/span><span style=\"font-weight: 400;\">A. P\u00e4rt \u2013 Which Was the Son of&#8230;<\/span><i><span style=\"font-weight: 400;\"><br \/>\n<\/span><\/i><\/span><span class=\"s1\">V. Sharafyan \u2013 Stabat Mater 18\u201920 + mezzo solo<br \/>\n<\/span><span class=\"s1\">K. Matsushita \u2013 Cantate Domino 7\u201915<br \/>\n<\/span><span class=\"s1\">K. Matsushita \u2013 Adoramus te Christe 4\u201950<br \/>\n<\/span><span class=\"s1\">K. Matsushita \u2013 Gloria 4\u201950<br \/>\n<\/span><span class=\"s1\">J. Janulyte \u2013 Now I\u2019m Nowhere ca 12\u2019<br \/>\n<\/span><span class=\"s1\">E. Whitacre \u2013 Lux Aurumque 5\u2019<br \/>\n<\/span><span class=\"s1\">Various songs by Estonian composer Veljo Tormis<br \/>\n<\/span><span class=\"s1\">Various commissioned songs by Giovanni Bonato, Henrik \u00d8degaard etc<\/span><\/p>\n<\/div><\/div>\n\n\n\n\n\n\n<p><\/p>\n","protected":false},"excerpt":{"rendered":"","protected":false},"author":4,"featured_media":0,"parent":0,"menu_order":8,"comment_status":"closed","ping_status":"closed","template":"","meta":{"_acf_changed":false,"inline_featured_image":false,"footnotes":""},"class_list":["post-1130","page","type-page","status-publish","hentry"],"acf":[],"_links":{"self":[{"href":"https:\/\/rahvusmeeskoor.ee\/en\/wp-json\/wp\/v2\/pages\/1130","targetHints":{"allow":["GET"]}}],"collection":[{"href":"https:\/\/rahvusmeeskoor.ee\/en\/wp-json\/wp\/v2\/pages"}],"about":[{"href":"https:\/\/rahvusmeeskoor.ee\/en\/wp-json\/wp\/v2\/types\/page"}],"author":[{"embeddable":true,"href":"https:\/\/rahvusmeeskoor.ee\/en\/wp-json\/wp\/v2\/users\/4"}],"replies":[{"embeddable":true,"href":"https:\/\/rahvusmeeskoor.ee\/en\/wp-json\/wp\/v2\/comments?post=1130"}],"version-history":[{"count":5,"href":"https:\/\/rahvusmeeskoor.ee\/en\/wp-json\/wp\/v2\/pages\/1130\/revisions"}],"predecessor-version":[{"id":1499,"href":"https:\/\/rahvusmeeskoor.ee\/en\/wp-json\/wp\/v2\/pages\/1130\/revisions\/1499"}],"wp:attachment":[{"href":"https:\/\/rahvusmeeskoor.ee\/en\/wp-json\/wp\/v2\/media?parent=1130"}],"curies":[{"name":"wp","href":"https:\/\/api.w.org\/{rel}","templated":true}]}}